{"id":667,"date":"2024-04-19T10:31:50","date_gmt":"2024-04-19T13:31:50","guid":{"rendered":"https:\/\/desenvolvimento.agenciacws.com.br\/absolarassocie-se\/?page_id=667"},"modified":"2024-04-19T10:41:21","modified_gmt":"2024-04-19T13:41:21","slug":"lgpd","status":"publish","type":"page","link":"https:\/\/www.absolar.org.br\/associe-se\/lgpd\/","title":{"rendered":"LGPD"},"content":{"rendered":"\t\t<div data-elementor-type=\"wp-page\" data-elementor-id=\"667\" class=\"elementor elementor-667\" data-elementor-post-type=\"page\">\n\t\t\t\t<div class=\"elementor-element elementor-element-51b839f e-flex e-con-boxed e-con e-parent\" data-id=\"51b839f\" data-element_type=\"container\" data-core-v316-plus=\"true\">\n\t\t\t\t\t<div class=\"e-con-inner\">\n\t\t\t\t<div class=\"elementor-element elementor-element-4f5bd75 elementor-widget elementor-widget-text-editor\" data-id=\"4f5bd75\" data-element_type=\"widget\" data-widget_type=\"text-editor.default\">\n\t\t\t\t<div class=\"elementor-widget-container\">\n\t\t\t<style>\/*! elementor - v3.20.0 - 26-03-2024 *\/\n.elementor-widget-text-editor.elementor-drop-cap-view-stacked .elementor-drop-cap{background-color:#69727d;color:#fff}.elementor-widget-text-editor.elementor-drop-cap-view-framed .elementor-drop-cap{color:#69727d;border:3px solid;background-color:transparent}.elementor-widget-text-editor:not(.elementor-drop-cap-view-default) .elementor-drop-cap{margin-top:8px}.elementor-widget-text-editor:not(.elementor-drop-cap-view-default) .elementor-drop-cap-letter{width:1em;height:1em}.elementor-widget-text-editor .elementor-drop-cap{float:left;text-align:center;line-height:1;font-size:50px}.elementor-widget-text-editor .elementor-drop-cap-letter{display:inline-block}<\/style>\t\t\t\t<h2>Prote\u00e7\u00e3o de Dados Pessoais (LGPD)<\/h2><p>A Lei Geral de Prote\u00e7\u00e3o de Dados Pessoais (Lei 13.709, 14.08.2018), disp\u00f5e sobre o tratamento de dados pessoais, inclusive nos meios digitais, por pessoa natural ou por pessoa jur\u00eddica de direito p\u00fablico ou privado, com o objetivo de proteger os direitos fundamentais de liberdade e de privacidade e o livre desenvolvimento da personalidade da pessoa natural.<\/p><h2>Prop\u00f3sito<\/h2><p>Por meio do tratamento de dados a ABSOLAR busca proteger e respeitar sua privacidade, garantir a liberdade de informa\u00e7\u00e3o e de comunica\u00e7\u00e3o, bem como, assegurar a inviolabilidade da intimidade, da honra e da imagem.<br \/>Os dados coletados ser\u00e3o tratados com o prop\u00f3sito de, individualizando-o, garantir seu acesso aos produtos e\/ou servi\u00e7os ent\u00e3o disponibilizados em nossa(s) plataforma(s).<br \/>Para tanto, faz-se necess\u00e1rio coletar o seu consentimento.<br \/>Lembrando que o titular poder\u00e1, a qualquer momento, solicitar a altera\u00e7\u00e3o ou a exclus\u00e3o de seus dados.<\/p><h2>Contato<\/h2><p>O titular poder\u00e1 obter mais informa\u00e7\u00f5es (ou dirigir solicita\u00e7\u00e3o) nos canais de atendimento da ABSOLAR (constantes do rodap\u00e9 da respectiva p\u00e1gina) ou pelo e-mail:\u00a0<a style=\"text-align: var(--text-align); background-color: #ffffff; font-family: var( --e-global-typography-text-font-family ), Sans-serif; font-size: 1rem; font-weight: var( --e-global-typography-text-font-weight );\" href=\"mailto:privacidade@absolar.org.br.\" target=\"_blank\" rel=\"noopener\">privacidade@absolar.org.br.<\/a><\/p>\t\t\t\t\t\t<\/div>\n\t\t\t\t<\/div>\n\t\t\t\t\t<\/div>\n\t\t\t\t<\/div>\n\t\t\t\t<\/div>\n\t\t","protected":false},"excerpt":{"rendered":"<p>Prote\u00e7\u00e3o de Dados Pessoais (LGPD) A Lei Geral de Prote\u00e7\u00e3o de Dados Pessoais (Lei 13.709, 14.08.2018), disp\u00f5e sobre o tratamento de dados pessoais, inclusive nos meios digitais, por pessoa natural ou por pessoa jur\u00eddica de direito p\u00fablico ou privado, com o objetivo de proteger os direitos fundamentais de liberdade e de privacidade e o livre [&hellip;]<\/p>\n","protected":false},"author":1,"featured_media":0,"parent":0,"menu_order":0,"comment_status":"closed","ping_status":"closed","template":"elementor_header_footer","meta":{"footnotes":""},"class_list":["post-667","page","type-page","status-publish","hentry"],"_links":{"self":[{"href":"https:\/\/www.absolar.org.br\/associe-se\/wp-json\/wp\/v2\/pages\/667","targetHints":{"allow":["GET"]}}],"collection":[{"href":"https:\/\/www.absolar.org.br\/associe-se\/wp-json\/wp\/v2\/pages"}],"about":[{"href":"https:\/\/www.absolar.org.br\/associe-se\/wp-json\/wp\/v2\/types\/page"}],"author":[{"embeddable":true,"href":"https:\/\/www.absolar.org.br\/associe-se\/wp-json\/wp\/v2\/users\/1"}],"replies":[{"embeddable":true,"href":"https:\/\/www.absolar.org.br\/associe-se\/wp-json\/wp\/v2\/comments?post=667"}],"version-history":[{"count":10,"href":"https:\/\/www.absolar.org.br\/associe-se\/wp-json\/wp\/v2\/pages\/667\/revisions"}],"predecessor-version":[{"id":679,"href":"https:\/\/www.absolar.org.br\/associe-se\/wp-json\/wp\/v2\/pages\/667\/revisions\/679"}],"wp:attachment":[{"href":"https:\/\/www.absolar.org.br\/associe-se\/wp-json\/wp\/v2\/media?parent=667"}],"curies":[{"name":"wp","href":"https:\/\/api.w.org\/{rel}","templated":true}]}}